{"id":2,"date":"2026-02-04T21:07:33","date_gmt":"2026-02-04T21:07:33","guid":{"rendered":"http:\/\/dr-laligant-gaelle-chirurgiens-dentistes.fr\/?page_id=2"},"modified":"2026-03-13T12:56:09","modified_gmt":"2026-03-13T11:56:09","slug":"sample-page","status":"publish","type":"page","link":"https:\/\/dr-laligant-gaelle-chirurgiens-dentistes.fr\/","title":{"rendered":"Cabinet dentaire Chessy Octogone des Drs Laligant Ga\u00eblle et Damasco R\u00e9my"},"content":{"rendered":"\n<p>Adresse : 9 place Octogonale, 77700 Chessy \u2013 Notre nouveau num\u00e9ro de <strong>T\u00e9l\u00e9phone : 01 60 43 33 56<\/strong><\/p>\n\n\n\n<figure class=\"wp-block-gallery has-nested-images columns-default is-cropped wp-block-gallery-1 is-layout-flex wp-block-gallery-is-layout-flex\">\n<figure class=\"wp-block-image size-large\"><img loading=\"lazy\" decoding=\"async\" width=\"1024\" height=\"768\" data-id=\"16\" src=\"https:\/\/dr-laligant-gaelle-chirurgiens-dentistes.fr\/wp-content\/uploads\/2026\/02\/20250930_173120-1024x768.jpg\" alt=\"Accueil\" class=\"wp-image-16\" srcset=\"https:\/\/dr-laligant-gaelle-chirurgiens-dentistes.fr\/wp-content\/uploads\/2026\/02\/20250930_173120-1024x768.jpg 1024w, https:\/\/dr-laligant-gaelle-chirurgiens-dentistes.fr\/wp-content\/uploads\/2026\/02\/20250930_173120-300x225.jpg 300w, https:\/\/dr-laligant-gaelle-chirurgiens-dentistes.fr\/wp-content\/uploads\/2026\/02\/20250930_173120-768x576.jpg 768w, https:\/\/dr-laligant-gaelle-chirurgiens-dentistes.fr\/wp-content\/uploads\/2026\/02\/20250930_173120-1536x1152.jpg 1536w, https:\/\/dr-laligant-gaelle-chirurgiens-dentistes.fr\/wp-content\/uploads\/2026\/02\/20250930_173120-2048x1536.jpg 2048w\" sizes=\"auto, (max-width: 1024px) 100vw, 1024px\" \/><figcaption class=\"wp-element-caption\">Accueil<\/figcaption><\/figure>\n\n\n\n<figure class=\"wp-block-image size-large\"><img loading=\"lazy\" decoding=\"async\" width=\"768\" height=\"1024\" data-id=\"14\" src=\"https:\/\/dr-laligant-gaelle-chirurgiens-dentistes.fr\/wp-content\/uploads\/2026\/02\/photo_2-8-1-768x1024.jpeg\" alt=\"Porte\" class=\"wp-image-14\" srcset=\"https:\/\/dr-laligant-gaelle-chirurgiens-dentistes.fr\/wp-content\/uploads\/2026\/02\/photo_2-8-1-768x1024.jpeg 768w, https:\/\/dr-laligant-gaelle-chirurgiens-dentistes.fr\/wp-content\/uploads\/2026\/02\/photo_2-8-1-225x300.jpeg 225w, https:\/\/dr-laligant-gaelle-chirurgiens-dentistes.fr\/wp-content\/uploads\/2026\/02\/photo_2-8-1-1152x1536.jpeg 1152w, https:\/\/dr-laligant-gaelle-chirurgiens-dentistes.fr\/wp-content\/uploads\/2026\/02\/photo_2-8-1-1536x2048.jpeg 1536w, https:\/\/dr-laligant-gaelle-chirurgiens-dentistes.fr\/wp-content\/uploads\/2026\/02\/photo_2-8-1-scaled.jpeg 1920w\" sizes=\"auto, (max-width: 768px) 100vw, 768px\" \/><figcaption class=\"wp-element-caption\">Porte<\/figcaption><\/figure>\n\n\n\n<figure class=\"wp-block-image size-large\"><img loading=\"lazy\" decoding=\"async\" width=\"1024\" height=\"768\" data-id=\"13\" src=\"https:\/\/dr-laligant-gaelle-chirurgiens-dentistes.fr\/wp-content\/uploads\/2026\/02\/image00013-1024x768.jpeg\" alt=\"Fauteuil-2\" class=\"wp-image-13\" srcset=\"https:\/\/dr-laligant-gaelle-chirurgiens-dentistes.fr\/wp-content\/uploads\/2026\/02\/image00013-1024x768.jpeg 1024w, https:\/\/dr-laligant-gaelle-chirurgiens-dentistes.fr\/wp-content\/uploads\/2026\/02\/image00013-300x225.jpeg 300w, https:\/\/dr-laligant-gaelle-chirurgiens-dentistes.fr\/wp-content\/uploads\/2026\/02\/image00013-768x576.jpeg 768w, https:\/\/dr-laligant-gaelle-chirurgiens-dentistes.fr\/wp-content\/uploads\/2026\/02\/image00013-1536x1152.jpeg 1536w, https:\/\/dr-laligant-gaelle-chirurgiens-dentistes.fr\/wp-content\/uploads\/2026\/02\/image00013-2048x1536.jpeg 2048w\" sizes=\"auto, (max-width: 1024px) 100vw, 1024px\" \/><figcaption class=\"wp-element-caption\">Fauteuil-2<\/figcaption><\/figure>\n\n\n\n<figure class=\"wp-block-image size-large\"><img loading=\"lazy\" decoding=\"async\" width=\"1024\" height=\"768\" data-id=\"12\" src=\"https:\/\/dr-laligant-gaelle-chirurgiens-dentistes.fr\/wp-content\/uploads\/2026\/02\/image00011-1024x768.jpeg\" alt=\"Fauteuil-1\" class=\"wp-image-12\" srcset=\"https:\/\/dr-laligant-gaelle-chirurgiens-dentistes.fr\/wp-content\/uploads\/2026\/02\/image00011-1024x768.jpeg 1024w, https:\/\/dr-laligant-gaelle-chirurgiens-dentistes.fr\/wp-content\/uploads\/2026\/02\/image00011-300x225.jpeg 300w, https:\/\/dr-laligant-gaelle-chirurgiens-dentistes.fr\/wp-content\/uploads\/2026\/02\/image00011-768x576.jpeg 768w, https:\/\/dr-laligant-gaelle-chirurgiens-dentistes.fr\/wp-content\/uploads\/2026\/02\/image00011-1536x1152.jpeg 1536w, https:\/\/dr-laligant-gaelle-chirurgiens-dentistes.fr\/wp-content\/uploads\/2026\/02\/image00011-2048x1536.jpeg 2048w\" sizes=\"auto, (max-width: 1024px) 100vw, 1024px\" \/><figcaption class=\"wp-element-caption\">Fauteuil-1<\/figcaption><\/figure>\n\n\n\n<figure class=\"wp-block-image size-large\"><img loading=\"lazy\" decoding=\"async\" width=\"1024\" height=\"768\" data-id=\"11\" src=\"https:\/\/dr-laligant-gaelle-chirurgiens-dentistes.fr\/wp-content\/uploads\/2026\/02\/20250930_171656-1024x768.jpg\" alt=\"Entr\u00e9e\" class=\"wp-image-11\" srcset=\"https:\/\/dr-laligant-gaelle-chirurgiens-dentistes.fr\/wp-content\/uploads\/2026\/02\/20250930_171656-1024x768.jpg 1024w, https:\/\/dr-laligant-gaelle-chirurgiens-dentistes.fr\/wp-content\/uploads\/2026\/02\/20250930_171656-300x225.jpg 300w, https:\/\/dr-laligant-gaelle-chirurgiens-dentistes.fr\/wp-content\/uploads\/2026\/02\/20250930_171656-768x576.jpg 768w, https:\/\/dr-laligant-gaelle-chirurgiens-dentistes.fr\/wp-content\/uploads\/2026\/02\/20250930_171656-1536x1152.jpg 1536w, https:\/\/dr-laligant-gaelle-chirurgiens-dentistes.fr\/wp-content\/uploads\/2026\/02\/20250930_171656-2048x1536.jpg 2048w\" sizes=\"auto, (max-width: 1024px) 100vw, 1024px\" \/><figcaption class=\"wp-element-caption\">Entr\u00e9e<\/figcaption><\/figure>\n<\/figure>\n","protected":false},"excerpt":{"rendered":"<p>Adresse : 9 place Octogonale, 77700 Chessy \u2013 Notre nouveau num\u00e9ro de T\u00e9l\u00e9phone : 01 60 43 33 56<\/p>\n","protected":false},"author":1,"featured_media":0,"parent":0,"menu_order":0,"comment_status":"closed","ping_status":"open","template":"","meta":{"kt_blocks_editor_width":"","footnotes":""},"class_list":["post-2","page","type-page","status-publish","hentry"],"_links":{"self":[{"href":"https:\/\/dr-laligant-gaelle-chirurgiens-dentistes.fr\/index.php\/wp-json\/wp\/v2\/pages\/2","targetHints":{"allow":["GET"]}}],"collection":[{"href":"https:\/\/dr-laligant-gaelle-chirurgiens-dentistes.fr\/index.php\/wp-json\/wp\/v2\/pages"}],"about":[{"href":"https:\/\/dr-laligant-gaelle-chirurgiens-dentistes.fr\/index.php\/wp-json\/wp\/v2\/types\/page"}],"author":[{"embeddable":true,"href":"https:\/\/dr-laligant-gaelle-chirurgiens-dentistes.fr\/index.php\/wp-json\/wp\/v2\/users\/1"}],"replies":[{"embeddable":true,"href":"https:\/\/dr-laligant-gaelle-chirurgiens-dentistes.fr\/index.php\/wp-json\/wp\/v2\/comments?post=2"}],"version-history":[{"count":2,"href":"https:\/\/dr-laligant-gaelle-chirurgiens-dentistes.fr\/index.php\/wp-json\/wp\/v2\/pages\/2\/revisions"}],"predecessor-version":[{"id":29,"href":"https:\/\/dr-laligant-gaelle-chirurgiens-dentistes.fr\/index.php\/wp-json\/wp\/v2\/pages\/2\/revisions\/29"}],"wp:attachment":[{"href":"https:\/\/dr-laligant-gaelle-chirurgiens-dentistes.fr\/index.php\/wp-json\/wp\/v2\/media?parent=2"}],"curies":[{"name":"wp","href":"https:\/\/api.w.org\/{rel}","templated":true}]}}